{"id":397,"date":"2013-05-18T05:57:57","date_gmt":"2013-05-18T05:57:57","guid":{"rendered":"http:\/\/proyectobabel.tk\/?page_id=397"},"modified":"2013-05-18T05:57:57","modified_gmt":"2013-05-18T05:57:57","slug":"irunean-zehar-a-traves-de-pamplona","status":"publish","type":"page","link":"https:\/\/iesjuliocarobaroja.educacion.navarra.es\/blogs\/babel\/irunean-zehar-a-traves-de-pamplona\/","title":{"rendered":"IRU\u00d1EAN ZEHAR\/A TRAV\u00c9S DE PAMPLONA"},"content":{"rendered":"<p><a href=\"http:\/\/iesjuliocarobaroja.educacion.navarra.es\/blogs\/babel\/files\/2013\/05\/bici.jpg\"><img loading=\"lazy\" class=\"aligncenter size-medium wp-image-405\" alt=\"OLYMPUS DIGITAL CAMERA\" src=\"http:\/\/iesjuliocarobaroja.educacion.navarra.es\/blogs\/babel\/files\/2013\/05\/bici-300x225.jpg\" width=\"300\" height=\"225\" srcset=\"https:\/\/iesjuliocarobaroja.educacion.navarra.es\/blogs\/babel\/files\/2013\/05\/bici-300x225.jpg 300w, https:\/\/iesjuliocarobaroja.educacion.navarra.es\/blogs\/babel\/files\/2013\/05\/bici-1024x768.jpg 1024w, https:\/\/iesjuliocarobaroja.educacion.navarra.es\/blogs\/babel\/files\/2013\/05\/bici-624x468.jpg 624w, https:\/\/iesjuliocarobaroja.educacion.navarra.es\/blogs\/babel\/files\/2013\/05\/bici.jpg 1600w\" sizes=\"(max-width: 300px) 100vw, 300px\" \/><\/a><br \/>\nSe trata de un recorrido hist\u00f3rico, propuesto por el Departamento de Sociales, y realizado en bici por dos profesoras, por algunos lugares emblem\u00e1ticos de Pamplona, se describen edificios, montes, r\u00edo, muralla,&#8230; Durante todo el recorrido aparecen fotograf\u00edas y se proponen actividades.<br \/>\n\u00a0\u00a0\u00a0\u00a0\u00a0\u00a0\u00a0\u00a0\u00a0\u00a0\u00a0\u00a0\u00a0\u00a0\u00a0\u00a0\u00a0\u00a0\u00a0\u00a0\u00a0\u00a0\u00a0\u00a0\u00a0\u00a0\u00a0\u00a0\u00a0\u00a0\u00a0\u00a0\u00a0\u00a0\u00a0\u00a0\u00a0\u00a0\u00a0\u00a0\u00a0\u00a0\u00a0\u00a0\u00a0\u00a0\u00a0\u00a0\u00a0\u00a0\u00a0\u00a0\u00a0\u00a0\u00a0\u00a0\u00a0\u00a0\u00a0\u00a0\u00a0\u00a0\u00a0\u00a0\u00a0\u00a0\u00a0\u00a0\u00a0\u00a0\u00a0\u00a0\u00a0\u00a0\u00a0\u00a0\u00a0\u00a0\u00a0\u00a0\u00a0\u00a0\u00a0\u00a0\u00a0\u00a0\u00a0\u00a0 FORMATO\u00a0ACTIVIDADES\u00a0ISSU<\/p>\n<div>\u00a0\u00a0\u00a0\u00a0\u00a0\u00a0\u00a0\u00a0\u00a0\u00a0\u00a0\u00a0\u00a0\u00a0\u00a0\u00a0\u00a0\u00a0\u00a0\u00a0\u00a0\u00a0\u00a0\u00a0\u00a0\u00a0\u00a0\u00a0\u00a0\u00a0\u00a0\u00a0\u00a0\u00a0\u00a0\u00a0\u00a0\u00a0\u00a0\u00a0\u00a0\u00a0\u00a0\u00a0\u00a0\u00a0\u00a0\u00a0\u00a0\u00a0\u00a0\u00a0\u00a0\u00a0\u00a0\u00a0\u00a0\u00a0\u00a0\u00a0\u00a0\u00a0\u00a0\u00a0\u00a0\u00a0\u00a0\u00a0\u00a0\u00a0\u00a0\u00a0\u00a0\u00a0 <\/p>\n<div style=\"width: 300px;text-align: left\"><a href=\"http:\/\/issuu.com\/AAyerdi\/docs\/iru_ean_zehar?mode=embed&amp;viewMode=presentation&amp;layout=http%3A%2F%2Fskin.issuu.com%2Fv%2Fwood2%2Flayout.xml&amp;showFlipBtn=true\" target=\"_blank\">Open publication<\/a> &#8211; Free <a href=\"http:\/\/issuu.com\" target=\"_blank\">publishing<\/a> &#8211; <a href=\"http:\/\/issuu.com\/search?q=news\" target=\"_blank\">More news<\/a><\/div>\n<\/div>\n<p>\u00a0\u00a0\u00a0\u00a0\u00a0\u00a0\u00a0\u00a0\u00a0\u00a0\u00a0\u00a0\u00a0\u00a0\u00a0\u00a0\u00a0\u00a0\u00a0\u00a0\u00a0\u00a0\u00a0\u00a0\u00a0\u00a0\u00a0\u00a0\u00a0\u00a0\u00a0\u00a0\u00a0\u00a0\u00a0\u00a0\u00a0\u00a0\u00a0\u00a0\u00a0\u00a0\u00a0\u00a0\u00a0\u00a0\u00a0\u00a0\u00a0\u00a0\u00a0\u00a0\u00a0\u00a0\u00a0 FORMATO SMILEBOX<\/p>\n<table border=\"0\" cellspacing=\"0\" cellpadding=\"0\" bgcolor=\"#ffffff\">\n<tbody>\n<tr>\n<td><a href=\"http:\/\/smilebox.com\/play\/4d7a59324e6a517a4e7a553d0d0a&amp;blogview=true&amp;campaign=blog_playback_link&amp;partner=smileboxspanish\" target=\"_blank\"><img loading=\"lazy\" class=\"aligncenter\" alt=\"Click to play this Smilebox scrapbook\" src=\"http:\/\/smilebox.com\/snap\/4d7a59324e6a517a4e7a553d0d0a.jpg\" width=\"420\" height=\"330\" \/><\/a><\/td>\n<\/tr>\n<tr>\n<td><a href=\"http:\/\/www.smilebox.com?partner=smileboxspanish&amp;campaign=blog_snapshot\" target=\"_blank\"><img loading=\"lazy\" alt=\"Create your own scrapbook - Powered by Smilebox\" src=\"http:\/\/www.smilebox.com\/globalImages\/blogInstructions\/blogLogoSmilebox.gif\" width=\"420\" height=\"46\" \/><\/a><\/td>\n<\/tr>\n<tr>\n<td align=\"middle\"><a href=\"http:\/\/www.smilebox.com\/scrapbooks.html?campaign=blog_playback_link&amp;partner=smileboxspanish\" target=\"_blank\">Scrapbooking design<\/a> personalized with Smilebox<\/td>\n<\/tr>\n<\/tbody>\n<\/table>\n","protected":false},"excerpt":{"rendered":"<p>Se trata de un recorrido hist\u00f3rico, propuesto por el Departamento de Sociales, y realizado en bici por dos profesoras, por algunos lugares emblem\u00e1ticos de Pamplona, se describen edificios, montes, r\u00edo, muralla,&#8230; Durante todo el recorrido aparecen fotograf\u00edas y se proponen &hellip; <a href=\"https:\/\/iesjuliocarobaroja.educacion.navarra.es\/blogs\/babel\/irunean-zehar-a-traves-de-pamplona\/\">Sigue leyendo <span class=\"meta-nav\">&rarr;<\/span><\/a><\/p>\n","protected":false},"author":3,"featured_media":0,"parent":0,"menu_order":0,"comment_status":"open","ping_status":"open","template":"","meta":[],"_links":{"self":[{"href":"https:\/\/iesjuliocarobaroja.educacion.navarra.es\/blogs\/babel\/wp-json\/wp\/v2\/pages\/397"}],"collection":[{"href":"https:\/\/iesjuliocarobaroja.educacion.navarra.es\/blogs\/babel\/wp-json\/wp\/v2\/pages"}],"about":[{"href":"https:\/\/iesjuliocarobaroja.educacion.navarra.es\/blogs\/babel\/wp-json\/wp\/v2\/types\/page"}],"author":[{"embeddable":true,"href":"https:\/\/iesjuliocarobaroja.educacion.navarra.es\/blogs\/babel\/wp-json\/wp\/v2\/users\/3"}],"replies":[{"embeddable":true,"href":"https:\/\/iesjuliocarobaroja.educacion.navarra.es\/blogs\/babel\/wp-json\/wp\/v2\/comments?post=397"}],"version-history":[{"count":0,"href":"https:\/\/iesjuliocarobaroja.educacion.navarra.es\/blogs\/babel\/wp-json\/wp\/v2\/pages\/397\/revisions"}],"wp:attachment":[{"href":"https:\/\/iesjuliocarobaroja.educacion.navarra.es\/blogs\/babel\/wp-json\/wp\/v2\/media?parent=397"}],"curies":[{"name":"wp","href":"https:\/\/api.w.org\/{rel}","templated":true}]}}